{"id":393,"date":"2022-10-10T00:46:49","date_gmt":"2022-10-10T05:46:49","guid":{"rendered":"http:\/\/jx9.514.mytemp.website\/?post_type=product&#038;p=393"},"modified":"2023-03-31T01:08:12","modified_gmt":"2023-03-31T06:08:12","slug":"partes-y-repuestos-especiales","status":"publish","type":"product","link":"https:\/\/termoplastmecanizados.com\/en\/equipos\/tailor-made-parts-and-spare-parts\/","title":{"rendered":"Tailor-made parts and spare parts"},"content":{"rendered":"","protected":false},"excerpt":{"rendered":"<p>Manufacture of gear, shafts, tailor-made mechanical equipment, feeder rollers, dispensers, tailor-made parts in stainless steel and\/or engineering plastics, Nylon, Empack, Teflon.<\/p>","protected":false},"featured_media":801,"template":"","meta":[],"product_cat":[50],"product_tag":[],"class_list":["post-393","product","type-product","status-publish","has-post-thumbnail","hentry","product_cat-servicios"],"yoast_head":"<!-- This site is optimized with the Yoast SEO plugin v20.9 - https:\/\/yoast.com\/wordpress\/plugins\/seo\/ -->\n<title>Partes y repuestos especiales - Termoplast Mecanizados Ltda<\/title>\n<meta name=\"robots\" content=\"index, follow, max-snippet:-1, max-image-preview:large, max-video-preview:-1\" \/>\n<link rel=\"canonical\" href=\"https:\/\/termoplastmecanizados.com\/en\/equipos\/tailor-made-parts-and-spare-parts\/\" \/>\n<meta property=\"og:locale\" content=\"en_US\" \/>\n<meta property=\"og:type\" content=\"article\" \/>\n<meta property=\"og:title\" content=\"Partes y repuestos especiales - Termoplast Mecanizados Ltda\" \/>\n<meta property=\"og:description\" content=\"Fabricaci\u00f3n de pi\u00f1ones, ejes, mecanismos especiales, rodillos alimentadores, dosificadores, piezas especiales en acero inoxidable y\/o pl\u00e1sticos de ingenier\u00eda, Nylon, Empaco, Tefl\u00f3n.\" \/>\n<meta property=\"og:url\" content=\"https:\/\/termoplastmecanizados.com\/en\/equipos\/tailor-made-parts-and-spare-parts\/\" \/>\n<meta property=\"og:site_name\" content=\"Termoplast Mecanizados Ltda\" \/>\n<meta property=\"article:publisher\" content=\"https:\/\/www.facebook.com\/share\/18QqPu7hjo\/?mibextid=wwXIfr\" \/>\n<meta property=\"article:modified_time\" content=\"2023-03-31T06:08:12+00:00\" \/>\n<meta property=\"og:image\" content=\"https:\/\/termoplastmecanizados.com\/wp-content\/uploads\/2023\/03\/Partes-y-repuestos-especiales2-rotated.jpg\" \/>\n\t<meta property=\"og:image:width\" content=\"1365\" \/>\n\t<meta property=\"og:image:height\" content=\"768\" \/>\n\t<meta property=\"og:image:type\" content=\"image\/jpeg\" \/>\n<meta name=\"twitter:card\" content=\"summary_large_image\" \/>\n<script type=\"application\/ld+json\" class=\"yoast-schema-graph\">{\"@context\":\"https:\/\/schema.org\",\"@graph\":[{\"@type\":\"WebPage\",\"@id\":\"https:\/\/termoplastmecanizados.com\/equipos\/partes-y-repuestos-especiales\/\",\"url\":\"https:\/\/termoplastmecanizados.com\/equipos\/partes-y-repuestos-especiales\/\",\"name\":\"Partes y repuestos especiales - Termoplast Mecanizados Ltda\",\"isPartOf\":{\"@id\":\"https:\/\/termoplastmecanizados.com\/#website\"},\"datePublished\":\"2022-10-10T05:46:49+00:00\",\"dateModified\":\"2023-03-31T06:08:12+00:00\",\"breadcrumb\":{\"@id\":\"https:\/\/termoplastmecanizados.com\/equipos\/partes-y-repuestos-especiales\/#breadcrumb\"},\"inLanguage\":\"en-US\",\"potentialAction\":[{\"@type\":\"ReadAction\",\"target\":[\"https:\/\/termoplastmecanizados.com\/equipos\/partes-y-repuestos-especiales\/\"]}]},{\"@type\":\"BreadcrumbList\",\"@id\":\"https:\/\/termoplastmecanizados.com\/equipos\/partes-y-repuestos-especiales\/#breadcrumb\",\"itemListElement\":[{\"@type\":\"ListItem\",\"position\":1,\"name\":\"Inicio\",\"item\":\"https:\/\/termoplastmecanizados.com\/\"},{\"@type\":\"ListItem\",\"position\":2,\"name\":\"Fabricaci\u00f3n de equipos\",\"item\":\"https:\/\/termoplastmecanizados.com\/equipos\/\"},{\"@type\":\"ListItem\",\"position\":3,\"name\":\"Partes y repuestos especiales\"}]},{\"@type\":\"WebSite\",\"@id\":\"https:\/\/termoplastmecanizados.com\/#website\",\"url\":\"https:\/\/termoplastmecanizados.com\/\",\"name\":\"Termoplast Mecanizados Ltda\",\"description\":\"Especialistas en Automatizaci\u00f3n Industrial\",\"publisher\":{\"@id\":\"https:\/\/termoplastmecanizados.com\/#organization\"},\"potentialAction\":[{\"@type\":\"SearchAction\",\"target\":{\"@type\":\"EntryPoint\",\"urlTemplate\":\"https:\/\/termoplastmecanizados.com\/?s={search_term_string}\"},\"query-input\":\"required name=search_term_string\"}],\"inLanguage\":\"en-US\"},{\"@type\":\"Organization\",\"@id\":\"https:\/\/termoplastmecanizados.com\/#organization\",\"name\":\"Termoplast Mecanizados Ltda\",\"url\":\"https:\/\/termoplastmecanizados.com\/\",\"logo\":{\"@type\":\"ImageObject\",\"inLanguage\":\"en-US\",\"@id\":\"https:\/\/termoplastmecanizados.com\/#\/schema\/logo\/image\/\",\"url\":\"https:\/\/termoplastmecanizados.com\/wp-content\/uploads\/2022\/12\/termoplast_23.svg\",\"contentUrl\":\"https:\/\/termoplastmecanizados.com\/wp-content\/uploads\/2022\/12\/termoplast_23.svg\",\"width\":466,\"height\":129,\"caption\":\"Termoplast Mecanizados Ltda\"},\"image\":{\"@id\":\"https:\/\/termoplastmecanizados.com\/#\/schema\/logo\/image\/\"},\"sameAs\":[\"https:\/\/www.facebook.com\/share\/18QqPu7hjo\/?mibextid=wwXIfr\",\"https:\/\/www.linkedin.com\/company\/termoplast-mecanizados-ltda\/\"]}]}<\/script>\n<!-- \/ Yoast SEO plugin. -->","yoast_head_json":{"title":"Partes y repuestos especiales - Termoplast Mecanizados Ltda","robots":{"index":"index","follow":"follow","max-snippet":"max-snippet:-1","max-image-preview":"max-image-preview:large","max-video-preview":"max-video-preview:-1"},"canonical":"https:\/\/termoplastmecanizados.com\/en\/equipos\/tailor-made-parts-and-spare-parts\/","og_locale":"en_US","og_type":"article","og_title":"Partes y repuestos especiales - Termoplast Mecanizados Ltda","og_description":"Fabricaci\u00f3n de pi\u00f1ones, ejes, mecanismos especiales, rodillos alimentadores, dosificadores, piezas especiales en acero inoxidable y\/o pl\u00e1sticos de ingenier\u00eda, Nylon, Empaco, Tefl\u00f3n.","og_url":"https:\/\/termoplastmecanizados.com\/en\/equipos\/tailor-made-parts-and-spare-parts\/","og_site_name":"Termoplast Mecanizados Ltda","article_publisher":"https:\/\/www.facebook.com\/share\/18QqPu7hjo\/?mibextid=wwXIfr","article_modified_time":"2023-03-31T06:08:12+00:00","og_image":[{"width":1365,"height":768,"url":"https:\/\/termoplastmecanizados.com\/wp-content\/uploads\/2023\/03\/Partes-y-repuestos-especiales2-rotated.jpg","type":"image\/jpeg"}],"twitter_card":"summary_large_image","schema":{"@context":"https:\/\/schema.org","@graph":[{"@type":"WebPage","@id":"https:\/\/termoplastmecanizados.com\/equipos\/partes-y-repuestos-especiales\/","url":"https:\/\/termoplastmecanizados.com\/equipos\/partes-y-repuestos-especiales\/","name":"Partes y repuestos especiales - Termoplast Mecanizados Ltda","isPartOf":{"@id":"https:\/\/termoplastmecanizados.com\/#website"},"datePublished":"2022-10-10T05:46:49+00:00","dateModified":"2023-03-31T06:08:12+00:00","breadcrumb":{"@id":"https:\/\/termoplastmecanizados.com\/equipos\/partes-y-repuestos-especiales\/#breadcrumb"},"inLanguage":"en-US","potentialAction":[{"@type":"ReadAction","target":["https:\/\/termoplastmecanizados.com\/equipos\/partes-y-repuestos-especiales\/"]}]},{"@type":"BreadcrumbList","@id":"https:\/\/termoplastmecanizados.com\/equipos\/partes-y-repuestos-especiales\/#breadcrumb","itemListElement":[{"@type":"ListItem","position":1,"name":"Inicio","item":"https:\/\/termoplastmecanizados.com\/"},{"@type":"ListItem","position":2,"name":"Fabricaci\u00f3n de equipos","item":"https:\/\/termoplastmecanizados.com\/equipos\/"},{"@type":"ListItem","position":3,"name":"Partes y repuestos especiales"}]},{"@type":"WebSite","@id":"https:\/\/termoplastmecanizados.com\/#website","url":"https:\/\/termoplastmecanizados.com\/","name":"Termoplast Mecanizados Ltda","description":"Especialistas en Automatizaci\u00f3n Industrial","publisher":{"@id":"https:\/\/termoplastmecanizados.com\/#organization"},"potentialAction":[{"@type":"SearchAction","target":{"@type":"EntryPoint","urlTemplate":"https:\/\/termoplastmecanizados.com\/?s={search_term_string}"},"query-input":"required name=search_term_string"}],"inLanguage":"en-US"},{"@type":"Organization","@id":"https:\/\/termoplastmecanizados.com\/#organization","name":"Termoplast Mecanizados Ltda","url":"https:\/\/termoplastmecanizados.com\/","logo":{"@type":"ImageObject","inLanguage":"en-US","@id":"https:\/\/termoplastmecanizados.com\/#\/schema\/logo\/image\/","url":"https:\/\/termoplastmecanizados.com\/wp-content\/uploads\/2022\/12\/termoplast_23.svg","contentUrl":"https:\/\/termoplastmecanizados.com\/wp-content\/uploads\/2022\/12\/termoplast_23.svg","width":466,"height":129,"caption":"Termoplast Mecanizados Ltda"},"image":{"@id":"https:\/\/termoplastmecanizados.com\/#\/schema\/logo\/image\/"},"sameAs":["https:\/\/www.facebook.com\/share\/18QqPu7hjo\/?mibextid=wwXIfr","https:\/\/www.linkedin.com\/company\/termoplast-mecanizados-ltda\/"]}]}},"_links":{"self":[{"href":"https:\/\/termoplastmecanizados.com\/en\/wp-json\/wp\/v2\/product\/393","targetHints":{"allow":["GET"]}}],"collection":[{"href":"https:\/\/termoplastmecanizados.com\/en\/wp-json\/wp\/v2\/product"}],"about":[{"href":"https:\/\/termoplastmecanizados.com\/en\/wp-json\/wp\/v2\/types\/product"}],"wp:featuredmedia":[{"embeddable":true,"href":"https:\/\/termoplastmecanizados.com\/en\/wp-json\/wp\/v2\/media\/801"}],"wp:attachment":[{"href":"https:\/\/termoplastmecanizados.com\/en\/wp-json\/wp\/v2\/media?parent=393"}],"wp:term":[{"taxonomy":"product_cat","embeddable":true,"href":"https:\/\/termoplastmecanizados.com\/en\/wp-json\/wp\/v2\/product_cat?post=393"},{"taxonomy":"product_tag","embeddable":true,"href":"https:\/\/termoplastmecanizados.com\/en\/wp-json\/wp\/v2\/product_tag?post=393"}],"curies":[{"name":"wp","href":"https:\/\/api.w.org\/{rel}","templated":true}]}}