{"id":373,"date":"2022-10-10T00:26:19","date_gmt":"2022-10-10T05:26:19","guid":{"rendered":"http:\/\/jx9.514.mytemp.website\/?post_type=product&#038;p=373"},"modified":"2023-04-03T18:45:25","modified_gmt":"2023-04-03T23:45:25","slug":"repotenciadores-de-equipos","status":"publish","type":"product","link":"https:\/\/termoplastmecanizados.com\/en\/equipos\/equipment-repowering\/","title":{"rendered":"Equipment repowering"},"content":{"rendered":"<div class=\"wp-block-columns is-layout-flex wp-container-core-columns-is-layout-1 wp-block-columns-is-layout-flex\">\n<div class=\"wp-block-column is-layout-flow wp-block-column-is-layout-flow\">\n<figure class=\"wp-block-embed is-type-video is-provider-youtube wp-block-embed-youtube wp-embed-aspect-16-9 wp-has-aspect-ratio\"><div class=\"wp-block-embed__wrapper\">\n<iframe loading=\"lazy\" title=\"Encartonadora Stein encaste 100 unides por minuto\" width=\"1290\" height=\"726\" src=\"https:\/\/www.youtube.com\/embed\/RCYRHuE7uug?feature=oembed\" frameborder=\"0\" allow=\"accelerometer; autoplay; clipboard-write; encrypted-media; gyroscope; picture-in-picture; web-share\" allowfullscreen><\/iframe>\n<\/div><\/figure>\n<\/div>\n\n\n\n<div class=\"wp-block-column is-layout-flow wp-block-column-is-layout-flow\">\n<figure class=\"wp-block-embed is-type-video is-provider-youtube wp-block-embed-youtube wp-embed-aspect-16-9 wp-has-aspect-ratio\"><div class=\"wp-block-embed__wrapper\">\n<iframe loading=\"lazy\" title=\"Termoplast REPOTENCIADORES DE EQUIPOS1\" width=\"1290\" height=\"726\" src=\"https:\/\/www.youtube.com\/embed\/BAOquma7YtM?feature=oembed\" frameborder=\"0\" allow=\"accelerometer; autoplay; clipboard-write; encrypted-media; gyroscope; picture-in-picture; web-share\" allowfullscreen><\/iframe>\n<\/div><\/figure>\n<\/div>\n<\/div>\n\n\n\n<div class=\"wp-block-columns is-layout-flex wp-container-core-columns-is-layout-2 wp-block-columns-is-layout-flex\">\n<div class=\"wp-block-column is-layout-flow wp-block-column-is-layout-flow\">\n<figure class=\"wp-block-embed is-type-video is-provider-youtube wp-block-embed-youtube wp-embed-aspect-16-9 wp-has-aspect-ratio\"><div class=\"wp-block-embed__wrapper\">\n<iframe loading=\"lazy\" title=\"Termoplast REPOTENCIADORES DE EQUIPOS2\" width=\"1290\" height=\"726\" src=\"https:\/\/www.youtube.com\/embed\/vu3Um5piCV4?feature=oembed\" frameborder=\"0\" allow=\"accelerometer; autoplay; clipboard-write; encrypted-media; gyroscope; picture-in-picture; web-share\" allowfullscreen><\/iframe>\n<\/div><\/figure>\n<\/div>\n\n\n\n<div class=\"wp-block-column is-layout-flow wp-block-column-is-layout-flow\">\n<figure class=\"wp-block-embed is-type-video is-provider-youtube wp-block-embed-youtube wp-embed-aspect-16-9 wp-has-aspect-ratio\"><div class=\"wp-block-embed__wrapper\">\n<iframe loading=\"lazy\" title=\"Termoplast REPOTENCIADORES DE EQUIPOS4\" width=\"1290\" height=\"726\" src=\"https:\/\/www.youtube.com\/embed\/8dYfjhh-lys?feature=oembed\" frameborder=\"0\" allow=\"accelerometer; autoplay; clipboard-write; encrypted-media; gyroscope; picture-in-picture; web-share\" allowfullscreen><\/iframe>\n<\/div><\/figure>\n<\/div>\n<\/div>\n\n\n\n<div class=\"wp-block-columns is-layout-flex wp-container-core-columns-is-layout-3 wp-block-columns-is-layout-flex\">\n<div class=\"wp-block-column is-layout-flow wp-block-column-is-layout-flow\">\n<figure class=\"wp-block-embed is-type-video is-provider-youtube wp-block-embed-youtube wp-embed-aspect-4-3 wp-has-aspect-ratio\"><div class=\"wp-block-embed__wrapper\">\n<iframe loading=\"lazy\" title=\"Termoplast REPOTENCIADORES DE EQUIPOS3\" width=\"1290\" height=\"968\" src=\"https:\/\/www.youtube.com\/embed\/12qSC5g0kxw?feature=oembed\" frameborder=\"0\" allow=\"accelerometer; autoplay; clipboard-write; encrypted-media; gyroscope; picture-in-picture; web-share\" allowfullscreen><\/iframe>\n<\/div><\/figure>\n<\/div>\n\n\n\n<div class=\"wp-block-column is-layout-flow wp-block-column-is-layout-flow\"><\/div>\n<\/div>","protected":false},"excerpt":{"rendered":"<p>Technological updating and repowering of used equipment, using certified spare parts of recognized brands such as Siemens SEW EURODRIVE, Festo,  Omron. \nGMP compliance, in the electrical part complying with RETIE regulations and in the CFR 21 software validation part 11.<\/p>","protected":false},"featured_media":820,"template":"","meta":[],"product_cat":[50],"product_tag":[],"class_list":["post-373","product","type-product","status-publish","has-post-thumbnail","hentry","product_cat-servicios"],"yoast_head":"<!-- This site is optimized with the Yoast SEO plugin v20.9 - https:\/\/yoast.com\/wordpress\/plugins\/seo\/ -->\n<title>Repotenciaci\u00f3n de equipos - Termoplast Mecanizados Ltda<\/title>\n<meta name=\"robots\" content=\"index, follow, max-snippet:-1, max-image-preview:large, max-video-preview:-1\" \/>\n<link rel=\"canonical\" href=\"https:\/\/termoplastmecanizados.com\/en\/equipos\/equipment-repowering\/\" \/>\n<meta property=\"og:locale\" content=\"en_US\" \/>\n<meta property=\"og:type\" content=\"article\" \/>\n<meta property=\"og:title\" content=\"Repotenciaci\u00f3n de equipos - Termoplast Mecanizados Ltda\" \/>\n<meta property=\"og:description\" content=\"Actualizaci\u00f3n tecnol\u00f3gica y repotenciaci\u00f3n de equipos usados, utilizando repuestos certificados de marcas reconocidas como siemens, sew,eurodrive, festo, omron. Cumplimiento de GMP, en la parte el\u00e9ctrica cumpliendo normatividad RETIE y en la parte de validaci\u00f3n de software CFR 21 parte 11.\" \/>\n<meta property=\"og:url\" content=\"https:\/\/termoplastmecanizados.com\/en\/equipos\/equipment-repowering\/\" \/>\n<meta property=\"og:site_name\" content=\"Termoplast Mecanizados Ltda\" \/>\n<meta property=\"article:publisher\" content=\"https:\/\/www.facebook.com\/share\/18QqPu7hjo\/?mibextid=wwXIfr\" \/>\n<meta property=\"article:modified_time\" content=\"2023-04-03T23:45:25+00:00\" \/>\n<meta property=\"og:image\" content=\"https:\/\/termoplastmecanizados.com\/wp-content\/uploads\/2022\/10\/Termoplast-REPOTENCIADORES-DE-EQUIPOS-.jpg\" \/>\n\t<meta property=\"og:image:width\" content=\"858\" \/>\n\t<meta property=\"og:image:height\" content=\"844\" \/>\n\t<meta property=\"og:image:type\" content=\"image\/jpeg\" \/>\n<meta name=\"twitter:card\" content=\"summary_large_image\" \/>\n<meta name=\"twitter:label1\" content=\"Est. reading time\" \/>\n\t<meta name=\"twitter:data1\" content=\"1 minute\" \/>\n<script type=\"application\/ld+json\" class=\"yoast-schema-graph\">{\"@context\":\"https:\/\/schema.org\",\"@graph\":[{\"@type\":\"WebPage\",\"@id\":\"https:\/\/termoplastmecanizados.com\/equipos\/repotenciadores-de-equipos\/\",\"url\":\"https:\/\/termoplastmecanizados.com\/equipos\/repotenciadores-de-equipos\/\",\"name\":\"Repotenciaci\u00f3n de equipos - Termoplast Mecanizados Ltda\",\"isPartOf\":{\"@id\":\"https:\/\/termoplastmecanizados.com\/#website\"},\"datePublished\":\"2022-10-10T05:26:19+00:00\",\"dateModified\":\"2023-04-03T23:45:25+00:00\",\"breadcrumb\":{\"@id\":\"https:\/\/termoplastmecanizados.com\/equipos\/repotenciadores-de-equipos\/#breadcrumb\"},\"inLanguage\":\"en-US\",\"potentialAction\":[{\"@type\":\"ReadAction\",\"target\":[\"https:\/\/termoplastmecanizados.com\/equipos\/repotenciadores-de-equipos\/\"]}]},{\"@type\":\"BreadcrumbList\",\"@id\":\"https:\/\/termoplastmecanizados.com\/equipos\/repotenciadores-de-equipos\/#breadcrumb\",\"itemListElement\":[{\"@type\":\"ListItem\",\"position\":1,\"name\":\"Inicio\",\"item\":\"https:\/\/termoplastmecanizados.com\/\"},{\"@type\":\"ListItem\",\"position\":2,\"name\":\"Fabricaci\u00f3n de equipos\",\"item\":\"https:\/\/termoplastmecanizados.com\/equipos\/\"},{\"@type\":\"ListItem\",\"position\":3,\"name\":\"Repotenciaci\u00f3n de equipos\"}]},{\"@type\":\"WebSite\",\"@id\":\"https:\/\/termoplastmecanizados.com\/#website\",\"url\":\"https:\/\/termoplastmecanizados.com\/\",\"name\":\"Termoplast Mecanizados Ltda\",\"description\":\"Especialistas en Automatizaci\u00f3n Industrial\",\"publisher\":{\"@id\":\"https:\/\/termoplastmecanizados.com\/#organization\"},\"potentialAction\":[{\"@type\":\"SearchAction\",\"target\":{\"@type\":\"EntryPoint\",\"urlTemplate\":\"https:\/\/termoplastmecanizados.com\/?s={search_term_string}\"},\"query-input\":\"required name=search_term_string\"}],\"inLanguage\":\"en-US\"},{\"@type\":\"Organization\",\"@id\":\"https:\/\/termoplastmecanizados.com\/#organization\",\"name\":\"Termoplast Mecanizados Ltda\",\"url\":\"https:\/\/termoplastmecanizados.com\/\",\"logo\":{\"@type\":\"ImageObject\",\"inLanguage\":\"en-US\",\"@id\":\"https:\/\/termoplastmecanizados.com\/#\/schema\/logo\/image\/\",\"url\":\"https:\/\/termoplastmecanizados.com\/wp-content\/uploads\/2022\/12\/termoplast_23.svg\",\"contentUrl\":\"https:\/\/termoplastmecanizados.com\/wp-content\/uploads\/2022\/12\/termoplast_23.svg\",\"width\":466,\"height\":129,\"caption\":\"Termoplast Mecanizados Ltda\"},\"image\":{\"@id\":\"https:\/\/termoplastmecanizados.com\/#\/schema\/logo\/image\/\"},\"sameAs\":[\"https:\/\/www.facebook.com\/share\/18QqPu7hjo\/?mibextid=wwXIfr\",\"https:\/\/www.linkedin.com\/company\/termoplast-mecanizados-ltda\/\"]}]}<\/script>\n<!-- \/ Yoast SEO plugin. -->","yoast_head_json":{"title":"Repotenciaci\u00f3n de equipos - Termoplast Mecanizados Ltda","robots":{"index":"index","follow":"follow","max-snippet":"max-snippet:-1","max-image-preview":"max-image-preview:large","max-video-preview":"max-video-preview:-1"},"canonical":"https:\/\/termoplastmecanizados.com\/en\/equipos\/equipment-repowering\/","og_locale":"en_US","og_type":"article","og_title":"Repotenciaci\u00f3n de equipos - Termoplast Mecanizados Ltda","og_description":"Actualizaci\u00f3n tecnol\u00f3gica y repotenciaci\u00f3n de equipos usados, utilizando repuestos certificados de marcas reconocidas como siemens, sew,eurodrive, festo, omron. Cumplimiento de GMP, en la parte el\u00e9ctrica cumpliendo normatividad RETIE y en la parte de validaci\u00f3n de software CFR 21 parte 11.","og_url":"https:\/\/termoplastmecanizados.com\/en\/equipos\/equipment-repowering\/","og_site_name":"Termoplast Mecanizados Ltda","article_publisher":"https:\/\/www.facebook.com\/share\/18QqPu7hjo\/?mibextid=wwXIfr","article_modified_time":"2023-04-03T23:45:25+00:00","og_image":[{"width":858,"height":844,"url":"https:\/\/termoplastmecanizados.com\/wp-content\/uploads\/2022\/10\/Termoplast-REPOTENCIADORES-DE-EQUIPOS-.jpg","type":"image\/jpeg"}],"twitter_card":"summary_large_image","twitter_misc":{"Est. reading time":"1 minute"},"schema":{"@context":"https:\/\/schema.org","@graph":[{"@type":"WebPage","@id":"https:\/\/termoplastmecanizados.com\/equipos\/repotenciadores-de-equipos\/","url":"https:\/\/termoplastmecanizados.com\/equipos\/repotenciadores-de-equipos\/","name":"Repotenciaci\u00f3n de equipos - Termoplast Mecanizados Ltda","isPartOf":{"@id":"https:\/\/termoplastmecanizados.com\/#website"},"datePublished":"2022-10-10T05:26:19+00:00","dateModified":"2023-04-03T23:45:25+00:00","breadcrumb":{"@id":"https:\/\/termoplastmecanizados.com\/equipos\/repotenciadores-de-equipos\/#breadcrumb"},"inLanguage":"en-US","potentialAction":[{"@type":"ReadAction","target":["https:\/\/termoplastmecanizados.com\/equipos\/repotenciadores-de-equipos\/"]}]},{"@type":"BreadcrumbList","@id":"https:\/\/termoplastmecanizados.com\/equipos\/repotenciadores-de-equipos\/#breadcrumb","itemListElement":[{"@type":"ListItem","position":1,"name":"Inicio","item":"https:\/\/termoplastmecanizados.com\/"},{"@type":"ListItem","position":2,"name":"Fabricaci\u00f3n de equipos","item":"https:\/\/termoplastmecanizados.com\/equipos\/"},{"@type":"ListItem","position":3,"name":"Repotenciaci\u00f3n de equipos"}]},{"@type":"WebSite","@id":"https:\/\/termoplastmecanizados.com\/#website","url":"https:\/\/termoplastmecanizados.com\/","name":"Termoplast Mecanizados Ltda","description":"Especialistas en Automatizaci\u00f3n Industrial","publisher":{"@id":"https:\/\/termoplastmecanizados.com\/#organization"},"potentialAction":[{"@type":"SearchAction","target":{"@type":"EntryPoint","urlTemplate":"https:\/\/termoplastmecanizados.com\/?s={search_term_string}"},"query-input":"required name=search_term_string"}],"inLanguage":"en-US"},{"@type":"Organization","@id":"https:\/\/termoplastmecanizados.com\/#organization","name":"Termoplast Mecanizados Ltda","url":"https:\/\/termoplastmecanizados.com\/","logo":{"@type":"ImageObject","inLanguage":"en-US","@id":"https:\/\/termoplastmecanizados.com\/#\/schema\/logo\/image\/","url":"https:\/\/termoplastmecanizados.com\/wp-content\/uploads\/2022\/12\/termoplast_23.svg","contentUrl":"https:\/\/termoplastmecanizados.com\/wp-content\/uploads\/2022\/12\/termoplast_23.svg","width":466,"height":129,"caption":"Termoplast Mecanizados Ltda"},"image":{"@id":"https:\/\/termoplastmecanizados.com\/#\/schema\/logo\/image\/"},"sameAs":["https:\/\/www.facebook.com\/share\/18QqPu7hjo\/?mibextid=wwXIfr","https:\/\/www.linkedin.com\/company\/termoplast-mecanizados-ltda\/"]}]}},"_links":{"self":[{"href":"https:\/\/termoplastmecanizados.com\/en\/wp-json\/wp\/v2\/product\/373","targetHints":{"allow":["GET"]}}],"collection":[{"href":"https:\/\/termoplastmecanizados.com\/en\/wp-json\/wp\/v2\/product"}],"about":[{"href":"https:\/\/termoplastmecanizados.com\/en\/wp-json\/wp\/v2\/types\/product"}],"wp:featuredmedia":[{"embeddable":true,"href":"https:\/\/termoplastmecanizados.com\/en\/wp-json\/wp\/v2\/media\/820"}],"wp:attachment":[{"href":"https:\/\/termoplastmecanizados.com\/en\/wp-json\/wp\/v2\/media?parent=373"}],"wp:term":[{"taxonomy":"product_cat","embeddable":true,"href":"https:\/\/termoplastmecanizados.com\/en\/wp-json\/wp\/v2\/product_cat?post=373"},{"taxonomy":"product_tag","embeddable":true,"href":"https:\/\/termoplastmecanizados.com\/en\/wp-json\/wp\/v2\/product_tag?post=373"}],"curies":[{"name":"wp","href":"https:\/\/api.w.org\/{rel}","templated":true}]}}