{"id":290,"date":"2022-10-09T18:02:54","date_gmt":"2022-10-09T23:02:54","guid":{"rendered":"http:\/\/jx9.514.mytemp.website\/?post_type=product&#038;p=290"},"modified":"2023-05-11T14:16:02","modified_gmt":"2023-05-11T19:16:02","slug":"dosificadora-de-polvo-con-control-por-celda","status":"publish","type":"product","link":"https:\/\/termoplastmecanizados.com\/en\/equipos\/powder-dispenser-machine-with-cell-control\/","title":{"rendered":"Powder dispenser machine with cell control"},"content":{"rendered":"<div class=\"wp-block-columns is-layout-flex wp-container-core-columns-is-layout-1 wp-block-columns-is-layout-flex\">\n<div class=\"wp-block-column is-layout-flow wp-block-column-is-layout-flow\">\n<figure class=\"wp-block-embed is-type-video is-provider-youtube wp-block-embed-youtube wp-embed-aspect-16-9 wp-has-aspect-ratio\"><div class=\"wp-block-embed__wrapper\">\n<iframe loading=\"lazy\" title=\"dosificadora de polvo\" width=\"1290\" height=\"726\" src=\"https:\/\/www.youtube.com\/embed\/I9C2Zok6dnU?feature=oembed\" frameborder=\"0\" allow=\"accelerometer; autoplay; clipboard-write; encrypted-media; gyroscope; picture-in-picture; web-share\" allowfullscreen><\/iframe>\n<\/div><\/figure>\n<\/div>\n\n\n\n<div class=\"wp-block-column is-layout-flow wp-block-column-is-layout-flow\"><\/div>\n<\/div>","protected":false},"excerpt":{"rendered":"<p>Manufacture of pharmaceutical graded powder packaging machines monoblock type with control by means of load cell, with an accuracy of 0.001 g for different types of powder or granule products administered intravenously or orally, - with or without fan filter with 99 HEPA filter. 97% efficiency, type A air compliance for pharmaceutical, veterinary, cosmetic products with product feed syringes or peristaltic pump, with automatic cap and sub-cap placement system, different types of glass or plastic containers of oblong round shape or any other type, the equipment meets GMP and CFR 21 part 11 requirements. \nAll materials in contact with the product are materials in 316L stainless steel or chemically inert materials such as nylon 6\/6, silicone, Teflon.<\/p>","protected":false},"featured_media":891,"template":"","meta":[],"product_cat":[56],"product_tag":[],"class_list":["post-290","product","type-product","status-publish","has-post-thumbnail","hentry","product_cat-otros"],"yoast_head":"<!-- This site is optimized with the Yoast SEO plugin v20.9 - https:\/\/yoast.com\/wordpress\/plugins\/seo\/ -->\n<title>Dosificadora de polvo con control por celda - Termoplast Mecanizados Ltda<\/title>\n<meta name=\"robots\" content=\"index, follow, max-snippet:-1, max-image-preview:large, max-video-preview:-1\" \/>\n<link rel=\"canonical\" href=\"https:\/\/termoplastmecanizados.com\/en\/equipos\/powder-dispenser-machine-with-cell-control\/\" \/>\n<meta property=\"og:locale\" content=\"en_US\" \/>\n<meta property=\"og:type\" content=\"article\" \/>\n<meta property=\"og:title\" content=\"Dosificadora de polvo con control por celda - Termoplast Mecanizados Ltda\" \/>\n<meta property=\"og:description\" content=\"Fabricaci\u00f3n de m\u00e1quinas envasadora de polvo gradado farmac\u00e9utico tipo monobloque con control por medio de celda de carga, con una precisi\u00f3n de 0.001 g para diferentes tipos de productos en polvo o gr\u00e1nulo de administraci\u00f3n por v\u00eda intravenosa o v\u00eda oral, con o sin fan filter con filtro HEPA del 99. 97% de eficiencia, cumplimiento de aire tipo A para producto farmac\u00e9utico, veterinario, cosm\u00e9tico con jeringas de alimentaci\u00f3n de producto o bomba perist\u00e1ltica, con sistema autom\u00e1tico de colocaci\u00f3n de tapas y sub tapas, diferentes tipos de envases de vidrio o pl\u00e1stico de forma redonda oblonga o cualquier otro tipo, el equipo cumple exigencias GMP y CFR 21 parte 11.Todos los materiales en contacto con el producto son materiales en acero inoxidable 316L o materiales \u00a0inertes como nylon 6\/6, silicona, tefl\u00f3n.\" \/>\n<meta property=\"og:url\" content=\"https:\/\/termoplastmecanizados.com\/en\/equipos\/powder-dispenser-machine-with-cell-control\/\" \/>\n<meta property=\"og:site_name\" content=\"Termoplast Mecanizados Ltda\" \/>\n<meta property=\"article:publisher\" content=\"https:\/\/www.facebook.com\/share\/18QqPu7hjo\/?mibextid=wwXIfr\" \/>\n<meta property=\"article:modified_time\" content=\"2023-05-11T19:16:02+00:00\" \/>\n<meta property=\"og:image\" content=\"https:\/\/termoplastmecanizados.com\/wp-content\/uploads\/2022\/10\/dosificadora-de-polvo.jpg\" \/>\n\t<meta property=\"og:image:width\" content=\"265\" \/>\n\t<meta property=\"og:image:height\" content=\"476\" \/>\n\t<meta property=\"og:image:type\" content=\"image\/jpeg\" \/>\n<meta name=\"twitter:card\" content=\"summary_large_image\" \/>\n<meta name=\"twitter:label1\" content=\"Est. reading time\" \/>\n\t<meta name=\"twitter:data1\" content=\"1 minute\" \/>\n<script type=\"application\/ld+json\" class=\"yoast-schema-graph\">{\"@context\":\"https:\/\/schema.org\",\"@graph\":[{\"@type\":\"WebPage\",\"@id\":\"https:\/\/termoplastmecanizados.com\/equipos\/dosificadora-de-polvo-con-control-por-celda\/\",\"url\":\"https:\/\/termoplastmecanizados.com\/equipos\/dosificadora-de-polvo-con-control-por-celda\/\",\"name\":\"Dosificadora de polvo con control por celda - Termoplast Mecanizados Ltda\",\"isPartOf\":{\"@id\":\"https:\/\/termoplastmecanizados.com\/#website\"},\"datePublished\":\"2022-10-09T23:02:54+00:00\",\"dateModified\":\"2023-05-11T19:16:02+00:00\",\"breadcrumb\":{\"@id\":\"https:\/\/termoplastmecanizados.com\/equipos\/dosificadora-de-polvo-con-control-por-celda\/#breadcrumb\"},\"inLanguage\":\"en-US\",\"potentialAction\":[{\"@type\":\"ReadAction\",\"target\":[\"https:\/\/termoplastmecanizados.com\/equipos\/dosificadora-de-polvo-con-control-por-celda\/\"]}]},{\"@type\":\"BreadcrumbList\",\"@id\":\"https:\/\/termoplastmecanizados.com\/equipos\/dosificadora-de-polvo-con-control-por-celda\/#breadcrumb\",\"itemListElement\":[{\"@type\":\"ListItem\",\"position\":1,\"name\":\"Inicio\",\"item\":\"https:\/\/termoplastmecanizados.com\/\"},{\"@type\":\"ListItem\",\"position\":2,\"name\":\"Fabricaci\u00f3n de equipos\",\"item\":\"https:\/\/termoplastmecanizados.com\/equipos\/\"},{\"@type\":\"ListItem\",\"position\":3,\"name\":\"Dosificadora de polvo con control por celda\"}]},{\"@type\":\"WebSite\",\"@id\":\"https:\/\/termoplastmecanizados.com\/#website\",\"url\":\"https:\/\/termoplastmecanizados.com\/\",\"name\":\"Termoplast Mecanizados Ltda\",\"description\":\"Especialistas en Automatizaci\u00f3n Industrial\",\"publisher\":{\"@id\":\"https:\/\/termoplastmecanizados.com\/#organization\"},\"potentialAction\":[{\"@type\":\"SearchAction\",\"target\":{\"@type\":\"EntryPoint\",\"urlTemplate\":\"https:\/\/termoplastmecanizados.com\/?s={search_term_string}\"},\"query-input\":\"required name=search_term_string\"}],\"inLanguage\":\"en-US\"},{\"@type\":\"Organization\",\"@id\":\"https:\/\/termoplastmecanizados.com\/#organization\",\"name\":\"Termoplast Mecanizados Ltda\",\"url\":\"https:\/\/termoplastmecanizados.com\/\",\"logo\":{\"@type\":\"ImageObject\",\"inLanguage\":\"en-US\",\"@id\":\"https:\/\/termoplastmecanizados.com\/#\/schema\/logo\/image\/\",\"url\":\"https:\/\/termoplastmecanizados.com\/wp-content\/uploads\/2022\/12\/termoplast_23.svg\",\"contentUrl\":\"https:\/\/termoplastmecanizados.com\/wp-content\/uploads\/2022\/12\/termoplast_23.svg\",\"width\":466,\"height\":129,\"caption\":\"Termoplast Mecanizados Ltda\"},\"image\":{\"@id\":\"https:\/\/termoplastmecanizados.com\/#\/schema\/logo\/image\/\"},\"sameAs\":[\"https:\/\/www.facebook.com\/share\/18QqPu7hjo\/?mibextid=wwXIfr\",\"https:\/\/www.linkedin.com\/company\/termoplast-mecanizados-ltda\/\"]}]}<\/script>\n<!-- \/ Yoast SEO plugin. -->","yoast_head_json":{"title":"Dosificadora de polvo con control por celda - Termoplast Mecanizados Ltda","robots":{"index":"index","follow":"follow","max-snippet":"max-snippet:-1","max-image-preview":"max-image-preview:large","max-video-preview":"max-video-preview:-1"},"canonical":"https:\/\/termoplastmecanizados.com\/en\/equipos\/powder-dispenser-machine-with-cell-control\/","og_locale":"en_US","og_type":"article","og_title":"Dosificadora de polvo con control por celda - Termoplast Mecanizados Ltda","og_description":"Fabricaci\u00f3n de m\u00e1quinas envasadora de polvo gradado farmac\u00e9utico tipo monobloque con control por medio de celda de carga, con una precisi\u00f3n de 0.001 g para diferentes tipos de productos en polvo o gr\u00e1nulo de administraci\u00f3n por v\u00eda intravenosa o v\u00eda oral, con o sin fan filter con filtro HEPA del 99. 97% de eficiencia, cumplimiento de aire tipo A para producto farmac\u00e9utico, veterinario, cosm\u00e9tico con jeringas de alimentaci\u00f3n de producto o bomba perist\u00e1ltica, con sistema autom\u00e1tico de colocaci\u00f3n de tapas y sub tapas, diferentes tipos de envases de vidrio o pl\u00e1stico de forma redonda oblonga o cualquier otro tipo, el equipo cumple exigencias GMP y CFR 21 parte 11.Todos los materiales en contacto con el producto son materiales en acero inoxidable 316L o materiales \u00a0inertes como nylon 6\/6, silicona, tefl\u00f3n.","og_url":"https:\/\/termoplastmecanizados.com\/en\/equipos\/powder-dispenser-machine-with-cell-control\/","og_site_name":"Termoplast Mecanizados Ltda","article_publisher":"https:\/\/www.facebook.com\/share\/18QqPu7hjo\/?mibextid=wwXIfr","article_modified_time":"2023-05-11T19:16:02+00:00","og_image":[{"width":265,"height":476,"url":"https:\/\/termoplastmecanizados.com\/wp-content\/uploads\/2022\/10\/dosificadora-de-polvo.jpg","type":"image\/jpeg"}],"twitter_card":"summary_large_image","twitter_misc":{"Est. reading time":"1 minute"},"schema":{"@context":"https:\/\/schema.org","@graph":[{"@type":"WebPage","@id":"https:\/\/termoplastmecanizados.com\/equipos\/dosificadora-de-polvo-con-control-por-celda\/","url":"https:\/\/termoplastmecanizados.com\/equipos\/dosificadora-de-polvo-con-control-por-celda\/","name":"Dosificadora de polvo con control por celda - Termoplast Mecanizados Ltda","isPartOf":{"@id":"https:\/\/termoplastmecanizados.com\/#website"},"datePublished":"2022-10-09T23:02:54+00:00","dateModified":"2023-05-11T19:16:02+00:00","breadcrumb":{"@id":"https:\/\/termoplastmecanizados.com\/equipos\/dosificadora-de-polvo-con-control-por-celda\/#breadcrumb"},"inLanguage":"en-US","potentialAction":[{"@type":"ReadAction","target":["https:\/\/termoplastmecanizados.com\/equipos\/dosificadora-de-polvo-con-control-por-celda\/"]}]},{"@type":"BreadcrumbList","@id":"https:\/\/termoplastmecanizados.com\/equipos\/dosificadora-de-polvo-con-control-por-celda\/#breadcrumb","itemListElement":[{"@type":"ListItem","position":1,"name":"Inicio","item":"https:\/\/termoplastmecanizados.com\/"},{"@type":"ListItem","position":2,"name":"Fabricaci\u00f3n de equipos","item":"https:\/\/termoplastmecanizados.com\/equipos\/"},{"@type":"ListItem","position":3,"name":"Dosificadora de polvo con control por celda"}]},{"@type":"WebSite","@id":"https:\/\/termoplastmecanizados.com\/#website","url":"https:\/\/termoplastmecanizados.com\/","name":"Termoplast Mecanizados Ltda","description":"Especialistas en Automatizaci\u00f3n Industrial","publisher":{"@id":"https:\/\/termoplastmecanizados.com\/#organization"},"potentialAction":[{"@type":"SearchAction","target":{"@type":"EntryPoint","urlTemplate":"https:\/\/termoplastmecanizados.com\/?s={search_term_string}"},"query-input":"required name=search_term_string"}],"inLanguage":"en-US"},{"@type":"Organization","@id":"https:\/\/termoplastmecanizados.com\/#organization","name":"Termoplast Mecanizados Ltda","url":"https:\/\/termoplastmecanizados.com\/","logo":{"@type":"ImageObject","inLanguage":"en-US","@id":"https:\/\/termoplastmecanizados.com\/#\/schema\/logo\/image\/","url":"https:\/\/termoplastmecanizados.com\/wp-content\/uploads\/2022\/12\/termoplast_23.svg","contentUrl":"https:\/\/termoplastmecanizados.com\/wp-content\/uploads\/2022\/12\/termoplast_23.svg","width":466,"height":129,"caption":"Termoplast Mecanizados Ltda"},"image":{"@id":"https:\/\/termoplastmecanizados.com\/#\/schema\/logo\/image\/"},"sameAs":["https:\/\/www.facebook.com\/share\/18QqPu7hjo\/?mibextid=wwXIfr","https:\/\/www.linkedin.com\/company\/termoplast-mecanizados-ltda\/"]}]}},"_links":{"self":[{"href":"https:\/\/termoplastmecanizados.com\/en\/wp-json\/wp\/v2\/product\/290","targetHints":{"allow":["GET"]}}],"collection":[{"href":"https:\/\/termoplastmecanizados.com\/en\/wp-json\/wp\/v2\/product"}],"about":[{"href":"https:\/\/termoplastmecanizados.com\/en\/wp-json\/wp\/v2\/types\/product"}],"wp:featuredmedia":[{"embeddable":true,"href":"https:\/\/termoplastmecanizados.com\/en\/wp-json\/wp\/v2\/media\/891"}],"wp:attachment":[{"href":"https:\/\/termoplastmecanizados.com\/en\/wp-json\/wp\/v2\/media?parent=290"}],"wp:term":[{"taxonomy":"product_cat","embeddable":true,"href":"https:\/\/termoplastmecanizados.com\/en\/wp-json\/wp\/v2\/product_cat?post=290"},{"taxonomy":"product_tag","embeddable":true,"href":"https:\/\/termoplastmecanizados.com\/en\/wp-json\/wp\/v2\/product_tag?post=290"}],"curies":[{"name":"wp","href":"https:\/\/api.w.org\/{rel}","templated":true}]}}