{"id":286,"date":"2022-10-09T17:58:37","date_gmt":"2022-10-09T22:58:37","guid":{"rendered":"http:\/\/jx9.514.mytemp.website\/?post_type=product&#038;p=286"},"modified":"2023-03-31T00:58:08","modified_gmt":"2023-03-31T05:58:08","slug":"mezcladores","status":"publish","type":"product","link":"https:\/\/termoplastmecanizados.com\/en\/equipos\/powder-mixer-machines\/","title":{"rendered":"Mixer machines"},"content":{"rendered":"<div class=\"wp-block-columns is-layout-flex wp-container-core-columns-is-layout-1 wp-block-columns-is-layout-flex\">\n<div class=\"wp-block-column is-layout-flow wp-block-column-is-layout-flow\">\n<figure class=\"wp-block-embed is-type-video is-provider-youtube wp-block-embed-youtube wp-embed-aspect-4-3 wp-has-aspect-ratio\"><div class=\"wp-block-embed__wrapper\">\n<iframe loading=\"lazy\" title=\"Agitador de canecas2\" width=\"1290\" height=\"968\" src=\"https:\/\/www.youtube.com\/embed\/lfiziIEvJS8?feature=oembed\" frameborder=\"0\" allow=\"accelerometer; autoplay; clipboard-write; encrypted-media; gyroscope; picture-in-picture; web-share\" allowfullscreen><\/iframe>\n<\/div><\/figure>\n<\/div>\n\n\n\n<div class=\"wp-block-column is-layout-flow wp-block-column-is-layout-flow\">\n<figure class=\"wp-block-embed is-type-video is-provider-youtube wp-block-embed-youtube wp-embed-aspect-16-9 wp-has-aspect-ratio\"><div class=\"wp-block-embed__wrapper\">\n<iframe loading=\"lazy\" title=\"Mezclador biconico\" width=\"1290\" height=\"726\" src=\"https:\/\/www.youtube.com\/embed\/JYDPsL9naIU?feature=oembed\" frameborder=\"0\" allow=\"accelerometer; autoplay; clipboard-write; encrypted-media; gyroscope; picture-in-picture; web-share\" allowfullscreen><\/iframe>\n<\/div><\/figure>\n<\/div>\n<\/div>\n\n\n\n<div class=\"wp-block-columns is-layout-flex wp-container-core-columns-is-layout-2 wp-block-columns-is-layout-flex\">\n<div class=\"wp-block-column is-layout-flow wp-block-column-is-layout-flow\">\n<figure class=\"wp-block-embed is-type-video is-provider-youtube wp-block-embed-youtube wp-embed-aspect-16-9 wp-has-aspect-ratio\"><div class=\"wp-block-embed__wrapper\">\n<iframe loading=\"lazy\" title=\"Mezclador de cintas\" width=\"1290\" height=\"726\" src=\"https:\/\/www.youtube.com\/embed\/0qCaUyP0Pfo?feature=oembed\" frameborder=\"0\" allow=\"accelerometer; autoplay; clipboard-write; encrypted-media; gyroscope; picture-in-picture; web-share\" allowfullscreen><\/iframe>\n<\/div><\/figure>\n<\/div>\n\n\n\n<div class=\"wp-block-column is-layout-flow wp-block-column-is-layout-flow\">\n<figure class=\"wp-block-embed is-type-video is-provider-youtube wp-block-embed-youtube wp-embed-aspect-16-9 wp-has-aspect-ratio\"><div class=\"wp-block-embed__wrapper\">\n<iframe loading=\"lazy\" title=\"Mezclador granulador de esferas\" width=\"1290\" height=\"726\" src=\"https:\/\/www.youtube.com\/embed\/9PTB2uxgmSE?feature=oembed\" frameborder=\"0\" allow=\"accelerometer; autoplay; clipboard-write; encrypted-media; gyroscope; picture-in-picture; web-share\" allowfullscreen><\/iframe>\n<\/div><\/figure>\n<\/div>\n<\/div>\n\n\n\n<div class=\"wp-block-columns is-layout-flex wp-container-core-columns-is-layout-3 wp-block-columns-is-layout-flex\">\n<div class=\"wp-block-column is-layout-flow wp-block-column-is-layout-flow\">\n<figure class=\"wp-block-embed is-type-video is-provider-youtube wp-block-embed-youtube wp-embed-aspect-16-9 wp-has-aspect-ratio\"><div class=\"wp-block-embed__wrapper\">\n<iframe loading=\"lazy\" title=\"Mixer machines\" width=\"1290\" height=\"726\" src=\"https:\/\/www.youtube.com\/embed\/8JuuV9uniJo?feature=oembed\" frameborder=\"0\" allow=\"accelerometer; autoplay; clipboard-write; encrypted-media; gyroscope; picture-in-picture; web-share\" allowfullscreen><\/iframe>\n<\/div><\/figure>\n<\/div>\n\n\n\n<div class=\"wp-block-column is-layout-flow wp-block-column-is-layout-flow\">\n<figure class=\"wp-block-embed is-type-video is-provider-youtube wp-block-embed-youtube wp-embed-aspect-16-9 wp-has-aspect-ratio\"><div class=\"wp-block-embed__wrapper\">\n<iframe loading=\"lazy\" title=\"Mezcladores1\" width=\"1290\" height=\"726\" src=\"https:\/\/www.youtube.com\/embed\/iUqbOwf89tQ?feature=oembed\" frameborder=\"0\" allow=\"accelerometer; autoplay; clipboard-write; encrypted-media; gyroscope; picture-in-picture; web-share\" allowfullscreen><\/iframe>\n<\/div><\/figure>\n<\/div>\n<\/div>\n\n\n\n<div class=\"wp-block-columns is-layout-flex wp-container-core-columns-is-layout-4 wp-block-columns-is-layout-flex\">\n<div class=\"wp-block-column is-layout-flow wp-block-column-is-layout-flow\">\n<figure class=\"wp-block-embed is-type-video is-provider-youtube wp-block-embed-youtube wp-embed-aspect-16-9 wp-has-aspect-ratio\"><div class=\"wp-block-embed__wrapper\">\n<iframe loading=\"lazy\" title=\"Mezcladores2\" width=\"1290\" height=\"726\" src=\"https:\/\/www.youtube.com\/embed\/QB1rRDnHJ7w?feature=oembed\" frameborder=\"0\" allow=\"accelerometer; autoplay; clipboard-write; encrypted-media; gyroscope; picture-in-picture; web-share\" allowfullscreen><\/iframe>\n<\/div><\/figure>\n<\/div>\n\n\n\n<div class=\"wp-block-column is-layout-flow wp-block-column-is-layout-flow\">\n<figure class=\"wp-block-embed is-type-video is-provider-youtube wp-block-embed-youtube wp-embed-aspect-16-9 wp-has-aspect-ratio\"><div class=\"wp-block-embed__wrapper\">\n<iframe loading=\"lazy\" title=\"Mezcladores3\" width=\"1290\" height=\"726\" src=\"https:\/\/www.youtube.com\/embed\/ZJYKkBjUQ8Y?feature=oembed\" frameborder=\"0\" allow=\"accelerometer; autoplay; clipboard-write; encrypted-media; gyroscope; picture-in-picture; web-share\" allowfullscreen><\/iframe>\n<\/div><\/figure>\n<\/div>\n<\/div>\n\n\n\n<div class=\"wp-block-columns is-layout-flex wp-container-core-columns-is-layout-5 wp-block-columns-is-layout-flex\">\n<div class=\"wp-block-column is-layout-flow wp-block-column-is-layout-flow\">\n<figure class=\"wp-block-embed is-type-video is-provider-youtube wp-block-embed-youtube wp-embed-aspect-16-9 wp-has-aspect-ratio\"><div class=\"wp-block-embed__wrapper\">\n<iframe loading=\"lazy\" title=\"Mezcladores4\" width=\"1290\" height=\"726\" src=\"https:\/\/www.youtube.com\/embed\/ijprjshldWE?feature=oembed\" frameborder=\"0\" allow=\"accelerometer; autoplay; clipboard-write; encrypted-media; gyroscope; picture-in-picture; web-share\" allowfullscreen><\/iframe>\n<\/div><\/figure>\n<\/div>\n\n\n\n<div class=\"wp-block-column is-layout-flow wp-block-column-is-layout-flow\">\n<figure class=\"wp-block-embed is-type-video is-provider-youtube wp-block-embed-youtube wp-embed-aspect-16-9 wp-has-aspect-ratio\"><div class=\"wp-block-embed__wrapper\">\n<iframe loading=\"lazy\" title=\"Mezcladores5\" width=\"1290\" height=\"726\" src=\"https:\/\/www.youtube.com\/embed\/bstET1yKObI?feature=oembed\" frameborder=\"0\" allow=\"accelerometer; autoplay; clipboard-write; encrypted-media; gyroscope; picture-in-picture; web-share\" allowfullscreen><\/iframe>\n<\/div><\/figure>\n<\/div>\n<\/div>\n\n\n\n<div class=\"wp-block-columns is-layout-flex wp-container-core-columns-is-layout-6 wp-block-columns-is-layout-flex\">\n<div class=\"wp-block-column is-layout-flow wp-block-column-is-layout-flow\">\n<figure class=\"wp-block-embed is-type-video is-provider-youtube wp-block-embed-youtube wp-embed-aspect-16-9 wp-has-aspect-ratio\"><div class=\"wp-block-embed__wrapper\">\n<iframe loading=\"lazy\" title=\"Mezcladores6\" width=\"1290\" height=\"726\" src=\"https:\/\/www.youtube.com\/embed\/JnJyssDbaoQ?feature=oembed\" frameborder=\"0\" allow=\"accelerometer; autoplay; clipboard-write; encrypted-media; gyroscope; picture-in-picture; web-share\" allowfullscreen><\/iframe>\n<\/div><\/figure>\n<\/div>\n\n\n\n<div class=\"wp-block-column is-layout-flow wp-block-column-is-layout-flow\">\n<figure class=\"wp-block-embed is-type-video is-provider-youtube wp-block-embed-youtube wp-embed-aspect-16-9 wp-has-aspect-ratio\"><div class=\"wp-block-embed__wrapper\">\n<iframe loading=\"lazy\" title=\"Mezcladores7\" width=\"1290\" height=\"726\" src=\"https:\/\/www.youtube.com\/embed\/pxT3RLvyrus?feature=oembed\" frameborder=\"0\" allow=\"accelerometer; autoplay; clipboard-write; encrypted-media; gyroscope; picture-in-picture; web-share\" allowfullscreen><\/iframe>\n<\/div><\/figure>\n<\/div>\n<\/div>","protected":false},"excerpt":{"rendered":"<p>Manufacture of V powder mixing machines with capacities from 5 liters for pilot tests to 2,000 liters for industrial processes, manufactured in stainless steel quality 316 L the material that is in contact with the product and 304 material that does not come into contact with the product, with electrical and electronic elements of recognized brands such as siemens SEW EURODRIVE,  Omron.\nGMP compliance: in the electrical part RETIE regulations, and CFR 21 part 11 if the client requires software validation. The V mixer is used in the phase of homogeneous mixing and fluidity in solids, granules or easy handling powder, easy cleaning eliminating any dead spot where the product will be in contact.<\/p>","protected":false},"featured_media":770,"template":"","meta":[],"product_cat":[56],"product_tag":[],"class_list":["post-286","product","type-product","status-publish","has-post-thumbnail","hentry","product_cat-otros"],"yoast_head":"<!-- This site is optimized with the Yoast SEO plugin v20.9 - https:\/\/yoast.com\/wordpress\/plugins\/seo\/ -->\n<title>Mezcladores - Termoplast Mecanizados Ltda<\/title>\n<meta name=\"robots\" content=\"index, follow, max-snippet:-1, max-image-preview:large, max-video-preview:-1\" \/>\n<link rel=\"canonical\" href=\"https:\/\/termoplastmecanizados.com\/en\/equipos\/powder-mixer-machines\/\" \/>\n<meta property=\"og:locale\" content=\"en_US\" \/>\n<meta property=\"og:type\" content=\"article\" \/>\n<meta property=\"og:title\" content=\"Mezcladores - Termoplast Mecanizados Ltda\" \/>\n<meta property=\"og:description\" content=\"Fabricaci\u00f3n de mezclador en V con capacidades desde 5 litros para pruebas piloto hasta 2.000 litros para procesos industriales, fabricados en acero inoxidable calidad 316 L el material que va en contacto con el producto y 304 material que no va en contacto con el producto, con elementos el\u00e9ctricos y electr\u00f3nicos de marcas reconocidas como siemens SEW EURODRIVE, Omron. Cumplimiento de GMP, en la parte el\u00e9ctrica normatividad RETIE, y en validaci\u00f3n de software si el cliente lo exige cumple CFR 21 parte 11. El mezclador en V es usado en la fase de mezcla homog\u00e9nea y fluidez en s\u00f3lidos, granulado o polvo de f\u00e1cil manejo, f\u00e1cil limpieza eliminando cualquier punto muerto por donde el producto va a estar en contacto.\" \/>\n<meta property=\"og:url\" content=\"https:\/\/termoplastmecanizados.com\/en\/equipos\/powder-mixer-machines\/\" \/>\n<meta property=\"og:site_name\" content=\"Termoplast Mecanizados Ltda\" \/>\n<meta property=\"article:publisher\" content=\"https:\/\/www.facebook.com\/share\/18QqPu7hjo\/?mibextid=wwXIfr\" \/>\n<meta property=\"article:modified_time\" content=\"2023-03-31T05:58:08+00:00\" \/>\n<meta property=\"og:image\" content=\"https:\/\/termoplastmecanizados.com\/wp-content\/uploads\/2022\/10\/Mezcladores.jpeg\" \/>\n\t<meta property=\"og:image:width\" content=\"1101\" \/>\n\t<meta property=\"og:image:height\" content=\"750\" \/>\n\t<meta property=\"og:image:type\" content=\"image\/jpeg\" \/>\n<meta name=\"twitter:card\" content=\"summary_large_image\" \/>\n<meta name=\"twitter:label1\" content=\"Est. reading time\" \/>\n\t<meta name=\"twitter:data1\" content=\"1 minute\" \/>\n<script type=\"application\/ld+json\" class=\"yoast-schema-graph\">{\"@context\":\"https:\/\/schema.org\",\"@graph\":[{\"@type\":\"WebPage\",\"@id\":\"https:\/\/termoplastmecanizados.com\/equipos\/mezcladores\/\",\"url\":\"https:\/\/termoplastmecanizados.com\/equipos\/mezcladores\/\",\"name\":\"Mezcladores - Termoplast Mecanizados Ltda\",\"isPartOf\":{\"@id\":\"https:\/\/termoplastmecanizados.com\/#website\"},\"datePublished\":\"2022-10-09T22:58:37+00:00\",\"dateModified\":\"2023-03-31T05:58:08+00:00\",\"breadcrumb\":{\"@id\":\"https:\/\/termoplastmecanizados.com\/equipos\/mezcladores\/#breadcrumb\"},\"inLanguage\":\"en-US\",\"potentialAction\":[{\"@type\":\"ReadAction\",\"target\":[\"https:\/\/termoplastmecanizados.com\/equipos\/mezcladores\/\"]}]},{\"@type\":\"BreadcrumbList\",\"@id\":\"https:\/\/termoplastmecanizados.com\/equipos\/mezcladores\/#breadcrumb\",\"itemListElement\":[{\"@type\":\"ListItem\",\"position\":1,\"name\":\"Inicio\",\"item\":\"https:\/\/termoplastmecanizados.com\/\"},{\"@type\":\"ListItem\",\"position\":2,\"name\":\"Fabricaci\u00f3n de equipos\",\"item\":\"https:\/\/termoplastmecanizados.com\/equipos\/\"},{\"@type\":\"ListItem\",\"position\":3,\"name\":\"Mezcladores\"}]},{\"@type\":\"WebSite\",\"@id\":\"https:\/\/termoplastmecanizados.com\/#website\",\"url\":\"https:\/\/termoplastmecanizados.com\/\",\"name\":\"Termoplast Mecanizados Ltda\",\"description\":\"Especialistas en Automatizaci\u00f3n Industrial\",\"publisher\":{\"@id\":\"https:\/\/termoplastmecanizados.com\/#organization\"},\"potentialAction\":[{\"@type\":\"SearchAction\",\"target\":{\"@type\":\"EntryPoint\",\"urlTemplate\":\"https:\/\/termoplastmecanizados.com\/?s={search_term_string}\"},\"query-input\":\"required name=search_term_string\"}],\"inLanguage\":\"en-US\"},{\"@type\":\"Organization\",\"@id\":\"https:\/\/termoplastmecanizados.com\/#organization\",\"name\":\"Termoplast Mecanizados Ltda\",\"url\":\"https:\/\/termoplastmecanizados.com\/\",\"logo\":{\"@type\":\"ImageObject\",\"inLanguage\":\"en-US\",\"@id\":\"https:\/\/termoplastmecanizados.com\/#\/schema\/logo\/image\/\",\"url\":\"https:\/\/termoplastmecanizados.com\/wp-content\/uploads\/2022\/12\/termoplast_23.svg\",\"contentUrl\":\"https:\/\/termoplastmecanizados.com\/wp-content\/uploads\/2022\/12\/termoplast_23.svg\",\"width\":466,\"height\":129,\"caption\":\"Termoplast Mecanizados Ltda\"},\"image\":{\"@id\":\"https:\/\/termoplastmecanizados.com\/#\/schema\/logo\/image\/\"},\"sameAs\":[\"https:\/\/www.facebook.com\/share\/18QqPu7hjo\/?mibextid=wwXIfr\",\"https:\/\/www.linkedin.com\/company\/termoplast-mecanizados-ltda\/\"]}]}<\/script>\n<!-- \/ Yoast SEO plugin. -->","yoast_head_json":{"title":"Mezcladores - Termoplast Mecanizados Ltda","robots":{"index":"index","follow":"follow","max-snippet":"max-snippet:-1","max-image-preview":"max-image-preview:large","max-video-preview":"max-video-preview:-1"},"canonical":"https:\/\/termoplastmecanizados.com\/en\/equipos\/powder-mixer-machines\/","og_locale":"en_US","og_type":"article","og_title":"Mezcladores - Termoplast Mecanizados Ltda","og_description":"Fabricaci\u00f3n de mezclador en V con capacidades desde 5 litros para pruebas piloto hasta 2.000 litros para procesos industriales, fabricados en acero inoxidable calidad 316 L el material que va en contacto con el producto y 304 material que no va en contacto con el producto, con elementos el\u00e9ctricos y electr\u00f3nicos de marcas reconocidas como siemens SEW EURODRIVE, Omron. Cumplimiento de GMP, en la parte el\u00e9ctrica normatividad RETIE, y en validaci\u00f3n de software si el cliente lo exige cumple CFR 21 parte 11. El mezclador en V es usado en la fase de mezcla homog\u00e9nea y fluidez en s\u00f3lidos, granulado o polvo de f\u00e1cil manejo, f\u00e1cil limpieza eliminando cualquier punto muerto por donde el producto va a estar en contacto.","og_url":"https:\/\/termoplastmecanizados.com\/en\/equipos\/powder-mixer-machines\/","og_site_name":"Termoplast Mecanizados Ltda","article_publisher":"https:\/\/www.facebook.com\/share\/18QqPu7hjo\/?mibextid=wwXIfr","article_modified_time":"2023-03-31T05:58:08+00:00","og_image":[{"width":1101,"height":750,"url":"https:\/\/termoplastmecanizados.com\/wp-content\/uploads\/2022\/10\/Mezcladores.jpeg","type":"image\/jpeg"}],"twitter_card":"summary_large_image","twitter_misc":{"Est. reading time":"1 minute"},"schema":{"@context":"https:\/\/schema.org","@graph":[{"@type":"WebPage","@id":"https:\/\/termoplastmecanizados.com\/equipos\/mezcladores\/","url":"https:\/\/termoplastmecanizados.com\/equipos\/mezcladores\/","name":"Mezcladores - Termoplast Mecanizados Ltda","isPartOf":{"@id":"https:\/\/termoplastmecanizados.com\/#website"},"datePublished":"2022-10-09T22:58:37+00:00","dateModified":"2023-03-31T05:58:08+00:00","breadcrumb":{"@id":"https:\/\/termoplastmecanizados.com\/equipos\/mezcladores\/#breadcrumb"},"inLanguage":"en-US","potentialAction":[{"@type":"ReadAction","target":["https:\/\/termoplastmecanizados.com\/equipos\/mezcladores\/"]}]},{"@type":"BreadcrumbList","@id":"https:\/\/termoplastmecanizados.com\/equipos\/mezcladores\/#breadcrumb","itemListElement":[{"@type":"ListItem","position":1,"name":"Inicio","item":"https:\/\/termoplastmecanizados.com\/"},{"@type":"ListItem","position":2,"name":"Fabricaci\u00f3n de equipos","item":"https:\/\/termoplastmecanizados.com\/equipos\/"},{"@type":"ListItem","position":3,"name":"Mezcladores"}]},{"@type":"WebSite","@id":"https:\/\/termoplastmecanizados.com\/#website","url":"https:\/\/termoplastmecanizados.com\/","name":"Termoplast Mecanizados Ltda","description":"Especialistas en Automatizaci\u00f3n Industrial","publisher":{"@id":"https:\/\/termoplastmecanizados.com\/#organization"},"potentialAction":[{"@type":"SearchAction","target":{"@type":"EntryPoint","urlTemplate":"https:\/\/termoplastmecanizados.com\/?s={search_term_string}"},"query-input":"required name=search_term_string"}],"inLanguage":"en-US"},{"@type":"Organization","@id":"https:\/\/termoplastmecanizados.com\/#organization","name":"Termoplast Mecanizados Ltda","url":"https:\/\/termoplastmecanizados.com\/","logo":{"@type":"ImageObject","inLanguage":"en-US","@id":"https:\/\/termoplastmecanizados.com\/#\/schema\/logo\/image\/","url":"https:\/\/termoplastmecanizados.com\/wp-content\/uploads\/2022\/12\/termoplast_23.svg","contentUrl":"https:\/\/termoplastmecanizados.com\/wp-content\/uploads\/2022\/12\/termoplast_23.svg","width":466,"height":129,"caption":"Termoplast Mecanizados Ltda"},"image":{"@id":"https:\/\/termoplastmecanizados.com\/#\/schema\/logo\/image\/"},"sameAs":["https:\/\/www.facebook.com\/share\/18QqPu7hjo\/?mibextid=wwXIfr","https:\/\/www.linkedin.com\/company\/termoplast-mecanizados-ltda\/"]}]}},"_links":{"self":[{"href":"https:\/\/termoplastmecanizados.com\/en\/wp-json\/wp\/v2\/product\/286","targetHints":{"allow":["GET"]}}],"collection":[{"href":"https:\/\/termoplastmecanizados.com\/en\/wp-json\/wp\/v2\/product"}],"about":[{"href":"https:\/\/termoplastmecanizados.com\/en\/wp-json\/wp\/v2\/types\/product"}],"wp:featuredmedia":[{"embeddable":true,"href":"https:\/\/termoplastmecanizados.com\/en\/wp-json\/wp\/v2\/media\/770"}],"wp:attachment":[{"href":"https:\/\/termoplastmecanizados.com\/en\/wp-json\/wp\/v2\/media?parent=286"}],"wp:term":[{"taxonomy":"product_cat","embeddable":true,"href":"https:\/\/termoplastmecanizados.com\/en\/wp-json\/wp\/v2\/product_cat?post=286"},{"taxonomy":"product_tag","embeddable":true,"href":"https:\/\/termoplastmecanizados.com\/en\/wp-json\/wp\/v2\/product_tag?post=286"}],"curies":[{"name":"wp","href":"https:\/\/api.w.org\/{rel}","templated":true}]}}