{"id":283,"date":"2022-10-09T17:55:34","date_gmt":"2022-10-09T22:55:34","guid":{"rendered":"http:\/\/jx9.514.mytemp.website\/?post_type=product&#038;p=283"},"modified":"2023-05-11T14:17:35","modified_gmt":"2023-05-11T19:17:35","slug":"envasadora-de-liquidos-lineales","status":"publish","type":"product","link":"https:\/\/termoplastmecanizados.com\/en\/equipos\/linear-liquid-filling-machine\/","title":{"rendered":"Linear liquid filling machine"},"content":{"rendered":"<div class=\"wp-block-columns is-layout-flex wp-container-core-columns-is-layout-1 wp-block-columns-is-layout-flex\">\n<div class=\"wp-block-column is-layout-flow wp-block-column-is-layout-flow\">\n<figure class=\"wp-block-embed is-type-video is-provider-youtube wp-block-embed-youtube wp-embed-aspect-16-9 wp-has-aspect-ratio\"><div class=\"wp-block-embed__wrapper\">\n<iframe loading=\"lazy\" title=\"Envasadoras de liquido lineales\" width=\"1290\" height=\"726\" src=\"https:\/\/www.youtube.com\/embed\/25K0NXBEDu8?feature=oembed\" frameborder=\"0\" allow=\"accelerometer; autoplay; clipboard-write; encrypted-media; gyroscope; picture-in-picture; web-share\" allowfullscreen><\/iframe>\n<\/div><\/figure>\n<\/div>\n\n\n\n<div class=\"wp-block-column is-layout-flow wp-block-column-is-layout-flow\">\n<figure class=\"wp-block-embed is-type-video is-provider-youtube wp-block-embed-youtube wp-embed-aspect-16-9 wp-has-aspect-ratio\"><div class=\"wp-block-embed__wrapper\">\n<iframe loading=\"lazy\" title=\"Llenadora de l\u00edquidos lineal\" width=\"1290\" height=\"726\" src=\"https:\/\/www.youtube.com\/embed\/DP69lyqbt7Y?feature=oembed\" frameborder=\"0\" allow=\"accelerometer; autoplay; clipboard-write; encrypted-media; gyroscope; picture-in-picture; web-share\" allowfullscreen><\/iframe>\n<\/div><\/figure>\n<\/div>\n<\/div>","protected":false},"excerpt":{"rendered":"<p>Manufacture of linear liquid filling machines for different densities, viscosities and volume of pharmaceutical, veterinary, cosmetic or food products with product feeding syringes or peristaltic pump, with automatic system of placement of caps and sub caps, different types of containers of oblong round shape or any other type, complying with GMP and CFR 21 part 11 requirements<\/p>","protected":false},"featured_media":894,"template":"","meta":[],"product_cat":[35],"product_tag":[],"class_list":["post-283","product","type-product","status-publish","has-post-thumbnail","hentry","product_cat-envasadoras"],"yoast_head":"<!-- This site is optimized with the Yoast SEO plugin v20.9 - https:\/\/yoast.com\/wordpress\/plugins\/seo\/ -->\n<title>Envasadora de l\u00edquidos lineales - Termoplast Mecanizados Ltda<\/title>\n<meta name=\"robots\" content=\"index, follow, max-snippet:-1, max-image-preview:large, max-video-preview:-1\" \/>\n<link rel=\"canonical\" href=\"https:\/\/termoplastmecanizados.com\/en\/equipos\/linear-liquid-filling-machine\/\" \/>\n<meta property=\"og:locale\" content=\"en_US\" \/>\n<meta property=\"og:type\" content=\"article\" \/>\n<meta property=\"og:title\" content=\"Envasadora de l\u00edquidos lineales - Termoplast Mecanizados Ltda\" \/>\n<meta property=\"og:description\" content=\"Fabricaci\u00f3n de m\u00e1quinas envasadoras de l\u00edquidos tipo monobloque para diferentes densidades, viscosidades y volumen de producto farmac\u00e9utico, veterinario, cosm\u00e9tico o alimentos con jeringas de alimentaci\u00f3n de producto o bomba perist\u00e1ltica, con sistema autom\u00e1tico de colocaci\u00f3n de tapas y sub tapas, diferentes tipos de envases de forma redonda oblonga o cualquier otro tipo, cumpliendo exigencias GMP y CFR 21 parte 11\" \/>\n<meta property=\"og:url\" content=\"https:\/\/termoplastmecanizados.com\/en\/equipos\/linear-liquid-filling-machine\/\" \/>\n<meta property=\"og:site_name\" content=\"Termoplast Mecanizados Ltda\" \/>\n<meta property=\"article:publisher\" content=\"https:\/\/www.facebook.com\/share\/18QqPu7hjo\/?mibextid=wwXIfr\" \/>\n<meta property=\"article:modified_time\" content=\"2023-05-11T19:17:35+00:00\" \/>\n<meta property=\"og:image\" content=\"https:\/\/termoplastmecanizados.com\/wp-content\/uploads\/2023\/05\/envasadora-liquidos-lineales.jpg\" \/>\n\t<meta property=\"og:image:width\" content=\"261\" \/>\n\t<meta property=\"og:image:height\" content=\"428\" \/>\n\t<meta property=\"og:image:type\" content=\"image\/jpeg\" \/>\n<meta name=\"twitter:card\" content=\"summary_large_image\" \/>\n<meta name=\"twitter:label1\" content=\"Est. reading time\" \/>\n\t<meta name=\"twitter:data1\" content=\"1 minute\" \/>\n<script type=\"application\/ld+json\" class=\"yoast-schema-graph\">{\"@context\":\"https:\/\/schema.org\",\"@graph\":[{\"@type\":\"WebPage\",\"@id\":\"https:\/\/termoplastmecanizados.com\/equipos\/envasadora-de-liquidos-lineales\/\",\"url\":\"https:\/\/termoplastmecanizados.com\/equipos\/envasadora-de-liquidos-lineales\/\",\"name\":\"Envasadora de l\u00edquidos lineales - Termoplast Mecanizados Ltda\",\"isPartOf\":{\"@id\":\"https:\/\/termoplastmecanizados.com\/#website\"},\"datePublished\":\"2022-10-09T22:55:34+00:00\",\"dateModified\":\"2023-05-11T19:17:35+00:00\",\"breadcrumb\":{\"@id\":\"https:\/\/termoplastmecanizados.com\/equipos\/envasadora-de-liquidos-lineales\/#breadcrumb\"},\"inLanguage\":\"en-US\",\"potentialAction\":[{\"@type\":\"ReadAction\",\"target\":[\"https:\/\/termoplastmecanizados.com\/equipos\/envasadora-de-liquidos-lineales\/\"]}]},{\"@type\":\"BreadcrumbList\",\"@id\":\"https:\/\/termoplastmecanizados.com\/equipos\/envasadora-de-liquidos-lineales\/#breadcrumb\",\"itemListElement\":[{\"@type\":\"ListItem\",\"position\":1,\"name\":\"Inicio\",\"item\":\"https:\/\/termoplastmecanizados.com\/\"},{\"@type\":\"ListItem\",\"position\":2,\"name\":\"Fabricaci\u00f3n de equipos\",\"item\":\"https:\/\/termoplastmecanizados.com\/equipos\/\"},{\"@type\":\"ListItem\",\"position\":3,\"name\":\"Envasadora de l\u00edquidos lineales\"}]},{\"@type\":\"WebSite\",\"@id\":\"https:\/\/termoplastmecanizados.com\/#website\",\"url\":\"https:\/\/termoplastmecanizados.com\/\",\"name\":\"Termoplast Mecanizados Ltda\",\"description\":\"Especialistas en Automatizaci\u00f3n Industrial\",\"publisher\":{\"@id\":\"https:\/\/termoplastmecanizados.com\/#organization\"},\"potentialAction\":[{\"@type\":\"SearchAction\",\"target\":{\"@type\":\"EntryPoint\",\"urlTemplate\":\"https:\/\/termoplastmecanizados.com\/?s={search_term_string}\"},\"query-input\":\"required name=search_term_string\"}],\"inLanguage\":\"en-US\"},{\"@type\":\"Organization\",\"@id\":\"https:\/\/termoplastmecanizados.com\/#organization\",\"name\":\"Termoplast Mecanizados Ltda\",\"url\":\"https:\/\/termoplastmecanizados.com\/\",\"logo\":{\"@type\":\"ImageObject\",\"inLanguage\":\"en-US\",\"@id\":\"https:\/\/termoplastmecanizados.com\/#\/schema\/logo\/image\/\",\"url\":\"https:\/\/termoplastmecanizados.com\/wp-content\/uploads\/2022\/12\/termoplast_23.svg\",\"contentUrl\":\"https:\/\/termoplastmecanizados.com\/wp-content\/uploads\/2022\/12\/termoplast_23.svg\",\"width\":466,\"height\":129,\"caption\":\"Termoplast Mecanizados Ltda\"},\"image\":{\"@id\":\"https:\/\/termoplastmecanizados.com\/#\/schema\/logo\/image\/\"},\"sameAs\":[\"https:\/\/www.facebook.com\/share\/18QqPu7hjo\/?mibextid=wwXIfr\",\"https:\/\/www.linkedin.com\/company\/termoplast-mecanizados-ltda\/\"]}]}<\/script>\n<!-- \/ Yoast SEO plugin. -->","yoast_head_json":{"title":"Envasadora de l\u00edquidos lineales - Termoplast Mecanizados Ltda","robots":{"index":"index","follow":"follow","max-snippet":"max-snippet:-1","max-image-preview":"max-image-preview:large","max-video-preview":"max-video-preview:-1"},"canonical":"https:\/\/termoplastmecanizados.com\/en\/equipos\/linear-liquid-filling-machine\/","og_locale":"en_US","og_type":"article","og_title":"Envasadora de l\u00edquidos lineales - Termoplast Mecanizados Ltda","og_description":"Fabricaci\u00f3n de m\u00e1quinas envasadoras de l\u00edquidos tipo monobloque para diferentes densidades, viscosidades y volumen de producto farmac\u00e9utico, veterinario, cosm\u00e9tico o alimentos con jeringas de alimentaci\u00f3n de producto o bomba perist\u00e1ltica, con sistema autom\u00e1tico de colocaci\u00f3n de tapas y sub tapas, diferentes tipos de envases de forma redonda oblonga o cualquier otro tipo, cumpliendo exigencias GMP y CFR 21 parte 11","og_url":"https:\/\/termoplastmecanizados.com\/en\/equipos\/linear-liquid-filling-machine\/","og_site_name":"Termoplast Mecanizados Ltda","article_publisher":"https:\/\/www.facebook.com\/share\/18QqPu7hjo\/?mibextid=wwXIfr","article_modified_time":"2023-05-11T19:17:35+00:00","og_image":[{"width":261,"height":428,"url":"https:\/\/termoplastmecanizados.com\/wp-content\/uploads\/2023\/05\/envasadora-liquidos-lineales.jpg","type":"image\/jpeg"}],"twitter_card":"summary_large_image","twitter_misc":{"Est. reading time":"1 minute"},"schema":{"@context":"https:\/\/schema.org","@graph":[{"@type":"WebPage","@id":"https:\/\/termoplastmecanizados.com\/equipos\/envasadora-de-liquidos-lineales\/","url":"https:\/\/termoplastmecanizados.com\/equipos\/envasadora-de-liquidos-lineales\/","name":"Envasadora de l\u00edquidos lineales - Termoplast Mecanizados Ltda","isPartOf":{"@id":"https:\/\/termoplastmecanizados.com\/#website"},"datePublished":"2022-10-09T22:55:34+00:00","dateModified":"2023-05-11T19:17:35+00:00","breadcrumb":{"@id":"https:\/\/termoplastmecanizados.com\/equipos\/envasadora-de-liquidos-lineales\/#breadcrumb"},"inLanguage":"en-US","potentialAction":[{"@type":"ReadAction","target":["https:\/\/termoplastmecanizados.com\/equipos\/envasadora-de-liquidos-lineales\/"]}]},{"@type":"BreadcrumbList","@id":"https:\/\/termoplastmecanizados.com\/equipos\/envasadora-de-liquidos-lineales\/#breadcrumb","itemListElement":[{"@type":"ListItem","position":1,"name":"Inicio","item":"https:\/\/termoplastmecanizados.com\/"},{"@type":"ListItem","position":2,"name":"Fabricaci\u00f3n de equipos","item":"https:\/\/termoplastmecanizados.com\/equipos\/"},{"@type":"ListItem","position":3,"name":"Envasadora de l\u00edquidos lineales"}]},{"@type":"WebSite","@id":"https:\/\/termoplastmecanizados.com\/#website","url":"https:\/\/termoplastmecanizados.com\/","name":"Termoplast Mecanizados Ltda","description":"Especialistas en Automatizaci\u00f3n Industrial","publisher":{"@id":"https:\/\/termoplastmecanizados.com\/#organization"},"potentialAction":[{"@type":"SearchAction","target":{"@type":"EntryPoint","urlTemplate":"https:\/\/termoplastmecanizados.com\/?s={search_term_string}"},"query-input":"required name=search_term_string"}],"inLanguage":"en-US"},{"@type":"Organization","@id":"https:\/\/termoplastmecanizados.com\/#organization","name":"Termoplast Mecanizados Ltda","url":"https:\/\/termoplastmecanizados.com\/","logo":{"@type":"ImageObject","inLanguage":"en-US","@id":"https:\/\/termoplastmecanizados.com\/#\/schema\/logo\/image\/","url":"https:\/\/termoplastmecanizados.com\/wp-content\/uploads\/2022\/12\/termoplast_23.svg","contentUrl":"https:\/\/termoplastmecanizados.com\/wp-content\/uploads\/2022\/12\/termoplast_23.svg","width":466,"height":129,"caption":"Termoplast Mecanizados Ltda"},"image":{"@id":"https:\/\/termoplastmecanizados.com\/#\/schema\/logo\/image\/"},"sameAs":["https:\/\/www.facebook.com\/share\/18QqPu7hjo\/?mibextid=wwXIfr","https:\/\/www.linkedin.com\/company\/termoplast-mecanizados-ltda\/"]}]}},"_links":{"self":[{"href":"https:\/\/termoplastmecanizados.com\/en\/wp-json\/wp\/v2\/product\/283","targetHints":{"allow":["GET"]}}],"collection":[{"href":"https:\/\/termoplastmecanizados.com\/en\/wp-json\/wp\/v2\/product"}],"about":[{"href":"https:\/\/termoplastmecanizados.com\/en\/wp-json\/wp\/v2\/types\/product"}],"wp:featuredmedia":[{"embeddable":true,"href":"https:\/\/termoplastmecanizados.com\/en\/wp-json\/wp\/v2\/media\/894"}],"wp:attachment":[{"href":"https:\/\/termoplastmecanizados.com\/en\/wp-json\/wp\/v2\/media?parent=283"}],"wp:term":[{"taxonomy":"product_cat","embeddable":true,"href":"https:\/\/termoplastmecanizados.com\/en\/wp-json\/wp\/v2\/product_cat?post=283"},{"taxonomy":"product_tag","embeddable":true,"href":"https:\/\/termoplastmecanizados.com\/en\/wp-json\/wp\/v2\/product_tag?post=283"}],"curies":[{"name":"wp","href":"https:\/\/api.w.org\/{rel}","templated":true}]}}